{"id":5912,"date":"2024-04-19T19:59:50","date_gmt":"2024-04-19T17:59:50","guid":{"rendered":"https:\/\/dabrowszczak.home.pl\/autoinstalator\/wordpressplugins3\/?page_id=5912"},"modified":"2024-04-19T20:00:46","modified_gmt":"2024-04-19T18:00:46","slug":"klauzula-informacyjna-dla-rodzicow-prawnych-opiekunow","status":"publish","type":"page","link":"https:\/\/dabrowszczak.pl\/index.php\/elementor-1450\/klauzula-informacyjna-dla-rodzicow-prawnych-opiekunow\/","title":{"rendered":"Klauzula informacyjna dla rodzic\u00f3w\/prawnych opiekun\u00f3w"},"content":{"rendered":"\t\t<div data-elementor-type=\"wp-page\" data-elementor-id=\"5912\" class=\"elementor elementor-5912\">\n\t\t\t\t\t\t<section class=\"elementor-section elementor-top-section elementor-element elementor-element-cf14c99 elementor-section-boxed elementor-section-height-default elementor-section-height-default\" data-id=\"cf14c99\" data-element_type=\"section\">\n\t\t\t\t\t\t<div class=\"elementor-container elementor-column-gap-default\">\n\t\t\t\t\t<div class=\"elementor-column elementor-col-100 elementor-top-column elementor-element elementor-element-05d9955\" data-id=\"05d9955\" data-element_type=\"column\">\n\t\t\t<div class=\"elementor-widget-wrap elementor-element-populated\">\n\t\t\t\t\t\t<div class=\"elementor-element elementor-element-f05cb98 elementor-widget elementor-widget-text-editor\" data-id=\"f05cb98\" data-element_type=\"widget\" data-widget_type=\"text-editor.default\">\n\t\t\t\t<div class=\"elementor-widget-container\">\n\t\t\t\t\t\t\t\t\t<p><a href=\"https:\/\/dabrowszczak.home.pl\/autoinstalator\/wordpressplugins3\/wp-content\/uploads\/2024\/04\/klauzula.pdf\"><strong>Klauzula informacyjna dla rodzic\u00f3w \/ prawnych opiekun\u00f3w uczni\u00f3w <br \/>w I Liceum Og\u00f3lnokszta\u0142c\u0105cym im. Genera\u0142a Henryka D\u0105browskiego w Kutnie<\/strong><\/a><\/p>\t\t\t\t\t\t\t\t<\/div>\n\t\t\t\t<\/div>\n\t\t\t\t\t<\/div>\n\t\t<\/div>\n\t\t\t\t\t<\/div>\n\t\t<\/section>\n\t\t\t\t<\/div>\n\t\t","protected":false},"excerpt":{"rendered":"<p>Klauzula informacyjna dla rodzic\u00f3w \/ prawnych opiekun\u00f3w uczni\u00f3w w I Liceum Og\u00f3lnokszta\u0142c\u0105cym im. Genera\u0142a Henryka D\u0105browskiego w Kutnie<\/p>\n","protected":false},"author":1,"featured_media":0,"parent":1450,"menu_order":0,"comment_status":"closed","ping_status":"closed","template":"","meta":{"footnotes":""},"class_list":["post-5912","page","type-page","status-publish","hentry"],"_links":{"self":[{"href":"https:\/\/dabrowszczak.pl\/index.php\/wp-json\/wp\/v2\/pages\/5912","targetHints":{"allow":["GET"]}}],"collection":[{"href":"https:\/\/dabrowszczak.pl\/index.php\/wp-json\/wp\/v2\/pages"}],"about":[{"href":"https:\/\/dabrowszczak.pl\/index.php\/wp-json\/wp\/v2\/types\/page"}],"author":[{"embeddable":true,"href":"https:\/\/dabrowszczak.pl\/index.php\/wp-json\/wp\/v2\/users\/1"}],"replies":[{"embeddable":true,"href":"https:\/\/dabrowszczak.pl\/index.php\/wp-json\/wp\/v2\/comments?post=5912"}],"version-history":[{"count":4,"href":"https:\/\/dabrowszczak.pl\/index.php\/wp-json\/wp\/v2\/pages\/5912\/revisions"}],"predecessor-version":[{"id":5918,"href":"https:\/\/dabrowszczak.pl\/index.php\/wp-json\/wp\/v2\/pages\/5912\/revisions\/5918"}],"up":[{"embeddable":true,"href":"https:\/\/dabrowszczak.pl\/index.php\/wp-json\/wp\/v2\/pages\/1450"}],"wp:attachment":[{"href":"https:\/\/dabrowszczak.pl\/index.php\/wp-json\/wp\/v2\/media?parent=5912"}],"curies":[{"name":"wp","href":"https:\/\/api.w.org\/{rel}","templated":true}]}}