{"id":350,"date":"2023-03-20T13:02:36","date_gmt":"2023-03-20T12:02:36","guid":{"rendered":"http:\/\/dabrowszczak.home.pl\/autoinstalator\/wordpressplugins3\/?page_id=350"},"modified":"2023-03-20T13:03:35","modified_gmt":"2023-03-20T12:03:35","slug":"absolwent","status":"publish","type":"page","link":"https:\/\/dabrowszczak.pl\/index.php\/absolwent\/","title":{"rendered":"Absolwent"},"content":{"rendered":"\t\t<div data-elementor-type=\"wp-page\" data-elementor-id=\"350\" class=\"elementor elementor-350\">\n\t\t\t\t\t\t<section class=\"elementor-section elementor-top-section elementor-element elementor-element-0bf1ca7 elementor-section-boxed elementor-section-height-default elementor-section-height-default\" data-id=\"0bf1ca7\" data-element_type=\"section\">\n\t\t\t\t\t\t<div class=\"elementor-container elementor-column-gap-default\">\n\t\t\t\t\t<div class=\"elementor-column elementor-col-100 elementor-top-column elementor-element elementor-element-63fd62f\" data-id=\"63fd62f\" data-element_type=\"column\">\n\t\t\t<div class=\"elementor-widget-wrap elementor-element-populated\">\n\t\t\t\t\t\t<div class=\"elementor-element elementor-element-2a31eea elementor-widget elementor-widget-image\" data-id=\"2a31eea\" data-element_type=\"widget\" data-widget_type=\"image.default\">\n\t\t\t\t<div class=\"elementor-widget-container\">\n\t\t\t\t\t\t\t\t\t\t\t\t\t\t\t<img fetchpriority=\"high\" decoding=\"async\" width=\"300\" height=\"261\" src=\"https:\/\/dabrowszczak.pl\/wp-content\/uploads\/2023\/03\/116-zjazd-absolwentow-300x261.jpg\" class=\"attachment-medium size-medium wp-image-352\" alt=\"\" srcset=\"https:\/\/dabrowszczak.pl\/wp-content\/uploads\/2023\/03\/116-zjazd-absolwentow-300x261.jpg 300w, https:\/\/dabrowszczak.pl\/wp-content\/uploads\/2023\/03\/116-zjazd-absolwentow-1024x891.jpg 1024w, https:\/\/dabrowszczak.pl\/wp-content\/uploads\/2023\/03\/116-zjazd-absolwentow-768x668.jpg 768w, https:\/\/dabrowszczak.pl\/wp-content\/uploads\/2023\/03\/116-zjazd-absolwentow.jpg 1514w\" sizes=\"(max-width: 300px) 100vw, 300px\" \/>\t\t\t\t\t\t\t\t\t\t\t\t\t\t\t<\/div>\n\t\t\t\t<\/div>\n\t\t\t\t<div class=\"elementor-element elementor-element-6ace874 elementor-widget elementor-widget-text-editor\" data-id=\"6ace874\" data-element_type=\"widget\" data-widget_type=\"text-editor.default\">\n\t\t\t\t<div class=\"elementor-widget-container\">\n\t\t\t\t\t\t\t\t\t<p align=\"center\"><strong>SERDECZNIE ZAPRASZAMY WSZYSTKICH ABSOLWENT\u00d3W I LO im. GENERA\u0141A\u00a0 JANA HENRYKA D\u0104BROWSKIEGO W KUTNIE\u00a0\u00a0<\/strong><\/p><p align=\"center\"><strong>NA XIV ZJAZD ABSOLWENT\u00d3W, KT\u00d3RY ODB\u0118DZIE SI\u0118<\/strong><strong><br \/><\/strong><strong>\u00a0<\/strong><strong>17 CZERWCA 2023 r.<\/strong><\/p><p align=\"center\"><strong>\u00a0 \u00a0Wi\u0119cej informacji w zak\u0142adce\u00a0<em>ABSOLWENT<\/em>\u00a0<\/strong><strong>oraz na :<\/strong>\u00a0<strong><a href=\"http:\/\/116.dabrowszczak.pl\/\">http:\/\/116.dabrowszczak.pl\/<\/a>\u00a0\u00a0<br \/>Wszelkie pytania w sprawie zjazdu prosimy kierowa\u0107 na adres:\u00a0<a href=\"mailto:1lokutno.zjazd@gmail.com\">1lokutno.zjazd@gmail.com<\/a><\/strong><\/p>\t\t\t\t\t\t\t\t<\/div>\n\t\t\t\t<\/div>\n\t\t\t\t<div class=\"elementor-element elementor-element-db4d22b elementor-widget elementor-widget-image\" data-id=\"db4d22b\" data-element_type=\"widget\" data-widget_type=\"image.default\">\n\t\t\t\t<div class=\"elementor-widget-container\">\n\t\t\t\t\t\t\t\t\t\t\t\t\t\t\t<img decoding=\"async\" width=\"300\" height=\"300\" src=\"https:\/\/dabrowszczak.pl\/wp-content\/uploads\/2023\/03\/116zjazd-logo2-300x300.jpg\" class=\"attachment-medium size-medium wp-image-354\" alt=\"\" srcset=\"https:\/\/dabrowszczak.pl\/wp-content\/uploads\/2023\/03\/116zjazd-logo2-300x300.jpg 300w, https:\/\/dabrowszczak.pl\/wp-content\/uploads\/2023\/03\/116zjazd-logo2-1024x1024.jpg 1024w, https:\/\/dabrowszczak.pl\/wp-content\/uploads\/2023\/03\/116zjazd-logo2-150x150.jpg 150w, https:\/\/dabrowszczak.pl\/wp-content\/uploads\/2023\/03\/116zjazd-logo2-768x768.jpg 768w, https:\/\/dabrowszczak.pl\/wp-content\/uploads\/2023\/03\/116zjazd-logo2.jpg 1181w\" sizes=\"(max-width: 300px) 100vw, 300px\" \/>\t\t\t\t\t\t\t\t\t\t\t\t\t\t\t<\/div>\n\t\t\t\t<\/div>\n\t\t\t\t\t<\/div>\n\t\t<\/div>\n\t\t\t\t\t<\/div>\n\t\t<\/section>\n\t\t\t\t<\/div>\n\t\t","protected":false},"excerpt":{"rendered":"<p>SERDECZNIE ZAPRASZAMY WSZYSTKICH ABSOLWENT\u00d3W I LO im. GENERA\u0141A\u00a0 JANA HENRYKA D\u0104BROWSKIEGO W KUTNIE\u00a0\u00a0 NA XIV ZJAZD ABSOLWENT\u00d3W, KT\u00d3RY ODB\u0118DZIE SI\u0118\u00a017 CZERWCA 2023 r. \u00a0 \u00a0Wi\u0119cej informacji w zak\u0142adce\u00a0ABSOLWENT\u00a0oraz na :\u00a0http:\/\/116.dabrowszczak.pl\/\u00a0\u00a0Wszelkie pytania w sprawie zjazdu prosimy kierowa\u0107 na adres:\u00a01lokutno.zjazd@gmail.com<\/p>\n","protected":false},"author":1,"featured_media":0,"parent":0,"menu_order":1,"comment_status":"closed","ping_status":"closed","template":"","meta":{"footnotes":""},"class_list":["post-350","page","type-page","status-publish","hentry"],"_links":{"self":[{"href":"https:\/\/dabrowszczak.pl\/index.php\/wp-json\/wp\/v2\/pages\/350","targetHints":{"allow":["GET"]}}],"collection":[{"href":"https:\/\/dabrowszczak.pl\/index.php\/wp-json\/wp\/v2\/pages"}],"about":[{"href":"https:\/\/dabrowszczak.pl\/index.php\/wp-json\/wp\/v2\/types\/page"}],"author":[{"embeddable":true,"href":"https:\/\/dabrowszczak.pl\/index.php\/wp-json\/wp\/v2\/users\/1"}],"replies":[{"embeddable":true,"href":"https:\/\/dabrowszczak.pl\/index.php\/wp-json\/wp\/v2\/comments?post=350"}],"version-history":[{"count":5,"href":"https:\/\/dabrowszczak.pl\/index.php\/wp-json\/wp\/v2\/pages\/350\/revisions"}],"predecessor-version":[{"id":357,"href":"https:\/\/dabrowszczak.pl\/index.php\/wp-json\/wp\/v2\/pages\/350\/revisions\/357"}],"wp:attachment":[{"href":"https:\/\/dabrowszczak.pl\/index.php\/wp-json\/wp\/v2\/media?parent=350"}],"curies":[{"name":"wp","href":"https:\/\/api.w.org\/{rel}","templated":true}]}}