{"id":1559,"date":"2023-08-02T21:47:56","date_gmt":"2023-08-02T19:47:56","guid":{"rendered":"http:\/\/dabrowszczak.home.pl\/autoinstalator\/wordpressplugins3\/?page_id=1559"},"modified":"2023-09-07T14:04:39","modified_gmt":"2023-09-07T12:04:39","slug":"elementor-1559","status":"publish","type":"page","link":"https:\/\/dabrowszczak.pl\/index.php\/elementor-1559\/","title":{"rendered":"Strona szko\u0142y prowadzona do roku szkolnego 2022\/2023"},"content":{"rendered":"\t\t<div data-elementor-type=\"wp-page\" data-elementor-id=\"1559\" class=\"elementor elementor-1559\">\n\t\t\t\t\t\t<section class=\"elementor-section elementor-top-section elementor-element elementor-element-ed14d5d elementor-section-boxed elementor-section-height-default elementor-section-height-default\" data-id=\"ed14d5d\" data-element_type=\"section\">\n\t\t\t\t\t\t<div class=\"elementor-container elementor-column-gap-default\">\n\t\t\t\t\t<div class=\"elementor-column elementor-col-100 elementor-top-column elementor-element elementor-element-9a80052\" data-id=\"9a80052\" data-element_type=\"column\">\n\t\t\t<div class=\"elementor-widget-wrap elementor-element-populated\">\n\t\t\t\t\t\t<div class=\"elementor-element elementor-element-a14c3b2 elementor-widget elementor-widget-text-editor\" data-id=\"a14c3b2\" data-element_type=\"widget\" data-widget_type=\"text-editor.default\">\n\t\t\t\t<div class=\"elementor-widget-container\">\n\t\t\t\t\t\t\t\t\t<p><a href=\"https:\/\/dabrowszczak.home.pl\/new\/\"><strong>Strona I Liceum Og\u00f3lnokszta\u0142c\u0105cego im. Gen. J. H. D\u0105browskiego <\/strong><\/a><br \/><a href=\"https:\/\/dabrowszczak.home.pl\/new\/\"><strong>prowadzona do roku szkolnego 2022\/2023<\/strong><\/a><\/p>\t\t\t\t\t\t\t\t<\/div>\n\t\t\t\t<\/div>\n\t\t\t\t\t<\/div>\n\t\t<\/div>\n\t\t\t\t\t<\/div>\n\t\t<\/section>\n\t\t\t\t<section class=\"elementor-section elementor-top-section elementor-element elementor-element-a696022 elementor-section-boxed elementor-section-height-default elementor-section-height-default\" data-id=\"a696022\" data-element_type=\"section\">\n\t\t\t\t\t\t<div class=\"elementor-container elementor-column-gap-default\">\n\t\t\t\t\t<div class=\"elementor-column elementor-col-100 elementor-top-column elementor-element elementor-element-235b2b8\" data-id=\"235b2b8\" data-element_type=\"column\">\n\t\t\t<div class=\"elementor-widget-wrap elementor-element-populated\">\n\t\t\t\t\t\t<div class=\"elementor-element elementor-element-95371a6 elementor-widget elementor-widget-text-editor\" data-id=\"95371a6\" data-element_type=\"widget\" data-widget_type=\"text-editor.default\">\n\t\t\t\t<div class=\"elementor-widget-container\">\n\t\t\t\t\t\t\t\t\t<ul id=\"tm\" class=\"tm_menu topMenu menus\"><li class=\"\"><a href=\"https:\/\/dabrowszczak.home.pl\/new\/p,100,aktualnosci\">AKTUALNO\u015aCI<\/a><ul class=\"tm_menu menus\"><li class=\"first\"><a href=\"https:\/\/dabrowszczak.home.pl\/new\/p,195,20212022\">2021\/2022<\/a><\/li><li class=\"\"><a href=\"https:\/\/dabrowszczak.home.pl\/new\/p,192,20202021\">2020\/2021<\/a><\/li><li class=\"\"><a href=\"https:\/\/dabrowszczak.home.pl\/new\/p,189,20192020\">2019\/2020<\/a><\/li><li class=\"\"><a href=\"https:\/\/dabrowszczak.home.pl\/new\/p,183,20182019\">2018\/2019<\/a><\/li><li class=\"\"><a href=\"https:\/\/dabrowszczak.home.pl\/new\/p,177,2017-2018\">2017\/2018<\/a><\/li><li class=\"\"><a href=\"https:\/\/dabrowszczak.home.pl\/new\/p,166,20162017\">2016\/2017<\/a><\/li><li class=\"\"><a href=\"https:\/\/dabrowszczak.home.pl\/new\/p,150,20152016\">2015\/2016<\/a><\/li><li class=\"\"><a href=\"https:\/\/dabrowszczak.home.pl\/new\/p,155,20142015\">2014\/2015<\/a><\/li><li class=\"\"><a href=\"https:\/\/dabrowszczak.home.pl\/new\/p,154,20132014\">2013\/2014<\/a><\/li><li class=\"\"><a href=\"https:\/\/dabrowszczak.home.pl\/new\/p,151,20122013\">2012\/2013<\/a><\/li><li class=\"\"><a href=\"https:\/\/dabrowszczak.home.pl\/new\/p,153,20112012\">2011\/2012<\/a><\/li><li class=\"\"><a href=\"https:\/\/dabrowszczak.home.pl\/new\/p,148,20102011\">2010\/2011<\/a><\/li><li class=\"\"><a href=\"https:\/\/dabrowszczak.home.pl\/new\/p,147,20092010\">2009\/2010<\/a><\/li><li class=\"\"><a href=\"https:\/\/dabrowszczak.home.pl\/new\/p,149,20072008\">2007\/2008<\/a><\/li><li class=\"last\"><a href=\"https:\/\/dabrowszczak.home.pl\/new\/p,152,20082009\">2008\/2009<\/a><\/li><\/ul><\/li><\/ul>\t\t\t\t\t\t\t\t<\/div>\n\t\t\t\t<\/div>\n\t\t\t\t\t<\/div>\n\t\t<\/div>\n\t\t\t\t\t<\/div>\n\t\t<\/section>\n\t\t\t\t<\/div>\n\t\t","protected":false},"excerpt":{"rendered":"<p>Strona I Liceum Og\u00f3lnokszta\u0142c\u0105cego im. Gen. J. H. D\u0105browskiego prowadzona do roku szkolnego 2022\/2023 AKTUALNO\u015aCI 2021\/2022 2020\/2021 2019\/2020 2018\/2019 2017\/2018 2016\/2017 2015\/2016 2014\/2015 2013\/2014 2012\/2013 2011\/2012 2010\/2011 2009\/2010 2007\/2008 2008\/2009<\/p>\n","protected":false},"author":1,"featured_media":0,"parent":0,"menu_order":16,"comment_status":"closed","ping_status":"closed","template":"","meta":{"footnotes":""},"class_list":["post-1559","page","type-page","status-publish","hentry"],"_links":{"self":[{"href":"https:\/\/dabrowszczak.pl\/index.php\/wp-json\/wp\/v2\/pages\/1559","targetHints":{"allow":["GET"]}}],"collection":[{"href":"https:\/\/dabrowszczak.pl\/index.php\/wp-json\/wp\/v2\/pages"}],"about":[{"href":"https:\/\/dabrowszczak.pl\/index.php\/wp-json\/wp\/v2\/types\/page"}],"author":[{"embeddable":true,"href":"https:\/\/dabrowszczak.pl\/index.php\/wp-json\/wp\/v2\/users\/1"}],"replies":[{"embeddable":true,"href":"https:\/\/dabrowszczak.pl\/index.php\/wp-json\/wp\/v2\/comments?post=1559"}],"version-history":[{"count":17,"href":"https:\/\/dabrowszczak.pl\/index.php\/wp-json\/wp\/v2\/pages\/1559\/revisions"}],"predecessor-version":[{"id":2138,"href":"https:\/\/dabrowszczak.pl\/index.php\/wp-json\/wp\/v2\/pages\/1559\/revisions\/2138"}],"wp:attachment":[{"href":"https:\/\/dabrowszczak.pl\/index.php\/wp-json\/wp\/v2\/media?parent=1559"}],"curies":[{"name":"wp","href":"https:\/\/api.w.org\/{rel}","templated":true}]}}