{"id":1426,"date":"2023-07-27T11:30:55","date_gmt":"2023-07-27T09:30:55","guid":{"rendered":"http:\/\/dabrowszczak.home.pl\/autoinstalator\/wordpressplugins3\/?page_id=1426"},"modified":"2023-07-27T11:37:41","modified_gmt":"2023-07-27T09:37:41","slug":"elementor-1426","status":"publish","type":"page","link":"https:\/\/dabrowszczak.pl\/index.php\/elementor-1426\/","title":{"rendered":"Tw\u00f3rczo\u015b\u0107"},"content":{"rendered":"\t\t<div data-elementor-type=\"wp-page\" data-elementor-id=\"1426\" class=\"elementor elementor-1426\">\n\t\t\t\t\t\t<section class=\"elementor-section elementor-top-section elementor-element elementor-element-37f1f24 elementor-section-boxed elementor-section-height-default elementor-section-height-default\" data-id=\"37f1f24\" data-element_type=\"section\">\n\t\t\t\t\t\t<div class=\"elementor-container elementor-column-gap-default\">\n\t\t\t\t\t<div class=\"elementor-column elementor-col-100 elementor-top-column elementor-element elementor-element-710e004\" data-id=\"710e004\" data-element_type=\"column\">\n\t\t\t<div class=\"elementor-widget-wrap elementor-element-populated\">\n\t\t\t\t\t\t<div class=\"elementor-element elementor-element-1b91038 elementor-widget elementor-widget-heading\" data-id=\"1b91038\" data-element_type=\"widget\" data-widget_type=\"heading.default\">\n\t\t\t\t<div class=\"elementor-widget-container\">\n\t\t\t\t\t<h5 class=\"elementor-heading-title elementor-size-default\"><u><b>Tw\u00f3rczo\u015b\u0107<\/b><\/u><\/h5>\t\t\t\t<\/div>\n\t\t\t\t<\/div>\n\t\t\t\t\t<\/div>\n\t\t<\/div>\n\t\t\t\t\t<\/div>\n\t\t<\/section>\n\t\t\t\t<section class=\"elementor-section elementor-top-section elementor-element elementor-element-35e7bbd elementor-section-boxed elementor-section-height-default elementor-section-height-default\" data-id=\"35e7bbd\" data-element_type=\"section\">\n\t\t\t\t\t\t<div class=\"elementor-container elementor-column-gap-default\">\n\t\t\t\t\t<div class=\"elementor-column elementor-col-100 elementor-top-column elementor-element elementor-element-ad4416f\" data-id=\"ad4416f\" data-element_type=\"column\">\n\t\t\t<div class=\"elementor-widget-wrap elementor-element-populated\">\n\t\t\t\t\t\t<div class=\"elementor-element elementor-element-1ebbb51 elementor-widget elementor-widget-text-editor\" data-id=\"1ebbb51\" data-element_type=\"widget\" data-widget_type=\"text-editor.default\">\n\t\t\t\t<div class=\"elementor-widget-container\">\n\t\t\t\t\t\t\t\t\t<p><a href=\"http:\/\/dabrowszczak.home.pl\/autoinstalator\/wordpressplugins3\/index.php\/2023\/07\/27\/elementor-1392\/\">Przebojem<\/a><\/p>\t\t\t\t\t\t\t\t<\/div>\n\t\t\t\t<\/div>\n\t\t\t\t\t<\/div>\n\t\t<\/div>\n\t\t\t\t\t<\/div>\n\t\t<\/section>\n\t\t\t\t<section class=\"elementor-section elementor-top-section elementor-element elementor-element-35ee112 elementor-section-boxed elementor-section-height-default elementor-section-height-default\" data-id=\"35ee112\" data-element_type=\"section\">\n\t\t\t\t\t\t<div class=\"elementor-container elementor-column-gap-default\">\n\t\t\t\t\t<div class=\"elementor-column elementor-col-100 elementor-top-column elementor-element elementor-element-5e2ff83\" data-id=\"5e2ff83\" data-element_type=\"column\">\n\t\t\t<div class=\"elementor-widget-wrap elementor-element-populated\">\n\t\t\t\t\t\t<div class=\"elementor-element elementor-element-5018856 elementor-widget elementor-widget-text-editor\" data-id=\"5018856\" data-element_type=\"widget\" data-widget_type=\"text-editor.default\">\n\t\t\t\t<div class=\"elementor-widget-container\">\n\t\t\t\t\t\t\t\t\t<p><a href=\"http:\/\/dabrowszczak.home.pl\/autoinstalator\/wordpressplugins3\/index.php\/2023\/07\/27\/elementor-1397\/\">Grupa teatralna<\/a><\/p>\t\t\t\t\t\t\t\t<\/div>\n\t\t\t\t<\/div>\n\t\t\t\t\t<\/div>\n\t\t<\/div>\n\t\t\t\t\t<\/div>\n\t\t<\/section>\n\t\t\t\t<section class=\"elementor-section elementor-top-section elementor-element elementor-element-c05c80b elementor-section-boxed elementor-section-height-default elementor-section-height-default\" data-id=\"c05c80b\" data-element_type=\"section\">\n\t\t\t\t\t\t<div class=\"elementor-container elementor-column-gap-default\">\n\t\t\t\t\t<div class=\"elementor-column elementor-col-100 elementor-top-column elementor-element elementor-element-ca2349a\" data-id=\"ca2349a\" data-element_type=\"column\">\n\t\t\t<div class=\"elementor-widget-wrap elementor-element-populated\">\n\t\t\t\t\t\t<div class=\"elementor-element elementor-element-134e655 elementor-widget elementor-widget-text-editor\" data-id=\"134e655\" data-element_type=\"widget\" data-widget_type=\"text-editor.default\">\n\t\t\t\t<div class=\"elementor-widget-container\">\n\t\t\t\t\t\t\t\t\t<p><a href=\"http:\/\/dabrowszczak.home.pl\/autoinstalator\/wordpressplugins3\/index.php\/2023\/07\/27\/elementor-1402\/\">Tajemnicza sie\u0107 paj\u0105ka<\/a><\/p>\t\t\t\t\t\t\t\t<\/div>\n\t\t\t\t<\/div>\n\t\t\t\t\t<\/div>\n\t\t<\/div>\n\t\t\t\t\t<\/div>\n\t\t<\/section>\n\t\t\t\t<section class=\"elementor-section elementor-top-section elementor-element elementor-element-de21978 elementor-section-boxed elementor-section-height-default elementor-section-height-default\" data-id=\"de21978\" data-element_type=\"section\">\n\t\t\t\t\t\t<div class=\"elementor-container elementor-column-gap-default\">\n\t\t\t\t\t<div class=\"elementor-column elementor-col-100 elementor-top-column elementor-element elementor-element-583f982\" data-id=\"583f982\" data-element_type=\"column\">\n\t\t\t<div class=\"elementor-widget-wrap elementor-element-populated\">\n\t\t\t\t\t\t<div class=\"elementor-element elementor-element-15ac8ea elementor-widget elementor-widget-text-editor\" data-id=\"15ac8ea\" data-element_type=\"widget\" data-widget_type=\"text-editor.default\">\n\t\t\t\t<div class=\"elementor-widget-container\">\n\t\t\t\t\t\t\t\t\t<p><a href=\"http:\/\/dabrowszczak.home.pl\/autoinstalator\/wordpressplugins3\/index.php\/2023\/07\/27\/elementor-1417\/\">K\u0105cik poezji<\/a><\/p>\t\t\t\t\t\t\t\t<\/div>\n\t\t\t\t<\/div>\n\t\t\t\t\t<\/div>\n\t\t<\/div>\n\t\t\t\t\t<\/div>\n\t\t<\/section>\n\t\t\t\t<\/div>\n\t\t","protected":false},"excerpt":{"rendered":"<p>Tw\u00f3rczo\u015b\u0107 Przebojem Grupa teatralna Tajemnicza sie\u0107 paj\u0105ka K\u0105cik poezji<\/p>\n","protected":false},"author":1,"featured_media":0,"parent":0,"menu_order":18,"comment_status":"closed","ping_status":"closed","template":"","meta":{"footnotes":""},"class_list":["post-1426","page","type-page","status-publish","hentry"],"_links":{"self":[{"href":"https:\/\/dabrowszczak.pl\/index.php\/wp-json\/wp\/v2\/pages\/1426","targetHints":{"allow":["GET"]}}],"collection":[{"href":"https:\/\/dabrowszczak.pl\/index.php\/wp-json\/wp\/v2\/pages"}],"about":[{"href":"https:\/\/dabrowszczak.pl\/index.php\/wp-json\/wp\/v2\/types\/page"}],"author":[{"embeddable":true,"href":"https:\/\/dabrowszczak.pl\/index.php\/wp-json\/wp\/v2\/users\/1"}],"replies":[{"embeddable":true,"href":"https:\/\/dabrowszczak.pl\/index.php\/wp-json\/wp\/v2\/comments?post=1426"}],"version-history":[{"count":10,"href":"https:\/\/dabrowszczak.pl\/index.php\/wp-json\/wp\/v2\/pages\/1426\/revisions"}],"predecessor-version":[{"id":1438,"href":"https:\/\/dabrowszczak.pl\/index.php\/wp-json\/wp\/v2\/pages\/1426\/revisions\/1438"}],"wp:attachment":[{"href":"https:\/\/dabrowszczak.pl\/index.php\/wp-json\/wp\/v2\/media?parent=1426"}],"curies":[{"name":"wp","href":"https:\/\/api.w.org\/{rel}","templated":true}]}}