{"id":130,"date":"2023-03-07T10:26:05","date_gmt":"2023-03-07T09:26:05","guid":{"rendered":"http:\/\/dabrowszczak.home.pl\/autoinstalator\/wordpressplugins3\/?page_id=130"},"modified":"2024-03-25T13:19:21","modified_gmt":"2024-03-25T12:19:21","slug":"elementor-130","status":"publish","type":"page","link":"https:\/\/dabrowszczak.pl\/index.php\/elementor-130\/","title":{"rendered":"KONTAKT"},"content":{"rendered":"\t\t<div data-elementor-type=\"wp-page\" data-elementor-id=\"130\" class=\"elementor elementor-130\">\n\t\t\t\t\t\t<section class=\"elementor-section elementor-top-section elementor-element elementor-element-16688a1 elementor-section-boxed elementor-section-height-default elementor-section-height-default\" data-id=\"16688a1\" data-element_type=\"section\">\n\t\t\t\t\t\t<div class=\"elementor-container elementor-column-gap-default\">\n\t\t\t\t\t<div class=\"elementor-column elementor-col-100 elementor-top-column elementor-element elementor-element-19650d2\" data-id=\"19650d2\" data-element_type=\"column\">\n\t\t\t<div class=\"elementor-widget-wrap elementor-element-populated\">\n\t\t\t\t\t\t<div class=\"elementor-element elementor-element-6c4ab0e elementor-widget elementor-widget-heading\" data-id=\"6c4ab0e\" data-element_type=\"widget\" data-widget_type=\"heading.default\">\n\t\t\t\t<div class=\"elementor-widget-container\">\n\t\t\t\t\t<h2 class=\"elementor-heading-title elementor-size-default\"><h4 style=\"font-weight: normal; font-family: signika_regular; font-size: 1.286em; color: rgb(54, 54, 54); font-style: normal; font-variant-ligatures: normal; font-variant-caps: normal; letter-spacing: normal; orphans: 2; text-align: start; text-indent: 0px; text-transform: none; white-space: normal; widows: 2; word-spacing: 0px; -webkit-text-stroke-width: 0px; background-color: rgb(255, 255, 255); text-decoration-thickness: initial; text-decoration-style: initial; text-decoration-color: initial;\"><strong>I&nbsp;LICEUM OG\u00d3LNOKSZTA\u0141C\u0104CE IM.&nbsp;GEN.&nbsp;J.&nbsp;H.&nbsp;D\u0104BROWSKIEGO W&nbsp;KUTNIE&nbsp;<\/strong><\/h4><\/h2>\t\t\t\t<\/div>\n\t\t\t\t<\/div>\n\t\t\t\t\t<\/div>\n\t\t<\/div>\n\t\t\t\t\t<\/div>\n\t\t<\/section>\n\t\t\t\t<section class=\"elementor-section elementor-top-section elementor-element elementor-element-90df5d5 elementor-section-boxed elementor-section-height-default elementor-section-height-default\" data-id=\"90df5d5\" data-element_type=\"section\">\n\t\t\t\t\t\t<div class=\"elementor-container elementor-column-gap-default\">\n\t\t\t\t\t<div class=\"elementor-column elementor-col-100 elementor-top-column elementor-element elementor-element-01aa30f\" data-id=\"01aa30f\" data-element_type=\"column\">\n\t\t\t<div class=\"elementor-widget-wrap elementor-element-populated\">\n\t\t\t\t\t\t<div class=\"elementor-element elementor-element-45cdbea elementor-widget elementor-widget-image\" data-id=\"45cdbea\" data-element_type=\"widget\" data-widget_type=\"image.default\">\n\t\t\t\t<div class=\"elementor-widget-container\">\n\t\t\t\t\t\t\t\t\t\t\t\t\t\t\t<img fetchpriority=\"high\" decoding=\"async\" width=\"500\" height=\"318\" src=\"https:\/\/dabrowszczak.pl\/wp-content\/uploads\/2023\/03\/clip_image002-e1679041741743.jpg\" class=\"attachment-large size-large wp-image-8\" alt=\"\" srcset=\"https:\/\/dabrowszczak.pl\/wp-content\/uploads\/2023\/03\/clip_image002-e1679041741743.jpg 500w, https:\/\/dabrowszczak.pl\/wp-content\/uploads\/2023\/03\/clip_image002-e1679041741743-300x191.jpg 300w, https:\/\/dabrowszczak.pl\/wp-content\/uploads\/2023\/03\/clip_image002-e1679041741743-245x155.jpg 245w\" sizes=\"(max-width: 500px) 100vw, 500px\" \/>\t\t\t\t\t\t\t\t\t\t\t\t\t\t\t<\/div>\n\t\t\t\t<\/div>\n\t\t\t\t\t<\/div>\n\t\t<\/div>\n\t\t\t\t\t<\/div>\n\t\t<\/section>\n\t\t\t\t<section class=\"elementor-section elementor-top-section elementor-element elementor-element-aedb8fc elementor-section-boxed elementor-section-height-default elementor-section-height-default\" data-id=\"aedb8fc\" data-element_type=\"section\">\n\t\t\t\t\t\t<div class=\"elementor-container elementor-column-gap-default\">\n\t\t\t\t\t<div class=\"elementor-column elementor-col-100 elementor-top-column elementor-element elementor-element-26f8e32\" data-id=\"26f8e32\" data-element_type=\"column\">\n\t\t\t<div class=\"elementor-widget-wrap elementor-element-populated\">\n\t\t\t\t\t\t<div class=\"elementor-element elementor-element-5f78dde elementor-widget elementor-widget-text-editor\" data-id=\"5f78dde\" data-element_type=\"widget\" data-widget_type=\"text-editor.default\">\n\t\t\t\t<div class=\"elementor-widget-container\">\n\t\t\t\t\t\t\t\t\t<p><strong>ul. D\u0105browskiego 1<\/strong><\/p><h4><strong>99-300 Kutno<\/strong><\/h4><p><strong>tel.: +48 24 355 80 80<\/strong><\/p><p><strong>NIP \u00a0 \u00a0775-21-92-201<\/strong><\/p><p><strong>e-mail: <a href=\"mailto:sekretariat@dabrowszczak.home.pl\">sekretariat@dabrowszczak.home.pl<\/a><\/strong><\/p><h4><strong>TELEFONY:<\/strong><\/h4><p><strong>Sekretariat uczniowski<br \/>tel\/fax:<\/strong>\u00a0+48 24 355 80 80<\/p><p><strong>Ksi\u0119gowo\u015b\u0107:\u00a0<\/strong>+48 24 355 80 83<\/p><p><strong>Sekretariat:<\/strong>\u00a0+48 24 355 80 84<\/p><p><strong>Dane do F-Vat.<\/strong><\/p><pre><strong>Nabywca<\/strong>\nPowiat Kutnowski\nul. Ko\u015bciuszki 16\n99-300 Kutno\n775-258-80-40\n\n<strong>Odbiorca<\/strong>\nI Liceum Og\u00f3lnokszta\u0142c\u0105ce\nim. Gen. J.H. D\u0105browskiego w Kutnie\nul. D\u0105browskiego 1\n99-300 Kutno<\/pre><p><strong>RADA RODZIC\u00d3W:<\/strong><\/p><p><strong>Rada Rodzic\u00f3w I\u00a0Liceum Og\u00f3lnokszta\u0142c\u0105cego im.\u00a0Gen.\u00a0J.\u00a0H.\u00a0D\u0105browskiego w\u00a0Kutnie<\/strong><\/p><p><strong>ul. D\u0105browskiego 1, 99-300 Kutno<\/strong><\/p><p><strong>NIP: 775-20-08-261<\/strong><\/p><p><strong>Numer konta:<\/strong><\/p><p><strong>30 1240 3190 1111 0011 0233 6259\u00a0<\/strong><\/p><h4><strong>INSPEKTOR OCHRONY DANYCH OSOBOWYCH W I LO:<\/strong><\/h4><p><strong>PAWE\u0141 \u0141UCZAK<br \/><\/strong><\/p><p><strong><a href=\"mailto:iodo@iodo.kutno.pl\">iodo@iodo.kutno.pl<\/a><\/strong><\/p><p><strong>tel. 516 125 342<\/strong><\/p>\t\t\t\t\t\t\t\t<\/div>\n\t\t\t\t<\/div>\n\t\t\t\t\t<\/div>\n\t\t<\/div>\n\t\t\t\t\t<\/div>\n\t\t<\/section>\n\t\t\t\t<\/div>\n\t\t","protected":false},"excerpt":{"rendered":"<p>I&nbsp;LICEUM OG\u00d3LNOKSZTA\u0141C\u0104CE IM.&nbsp;GEN.&nbsp;J.&nbsp;H.&nbsp;D\u0104BROWSKIEGO W&nbsp;KUTNIE&nbsp; ul. D\u0105browskiego 1 99-300 Kutno tel.: +48 24 355 80 80 NIP \u00a0 \u00a0775-21-92-201 e-mail: sekretariat@dabrowszczak.home.pl TELEFONY: Sekretariat uczniowskitel\/fax:\u00a0+48 24 355 80 80 Ksi\u0119gowo\u015b\u0107:\u00a0+48 24 355 80 83 Sekretariat:\u00a0+48 24 355 80 84 Dane do F-Vat. Nabywca Powiat Kutnowski ul. Ko\u015bciuszki 16 99-300 Kutno 775-258-80-40 Odbiorca I Liceum Og\u00f3lnokszta\u0142c\u0105ce im. Gen. J.H. D\u0105browskiego w Kutnie ul. D\u0105browskiego 1 99-300 Kutno RADA RODZIC\u00d3W: Rada Rodzic\u00f3w I\u00a0Liceum Og\u00f3lnokszta\u0142c\u0105cego im.\u00a0Gen.\u00a0J.\u00a0H.\u00a0D\u0105browskiego w\u00a0Kutnie ul. D\u0105browskiego 1, 99-300 Kutno NIP: 775-20-08-261 Numer konta: 30 1240 3190 1111 0011 0233 6259\u00a0 INSPEKTOR OCHRONY DANYCH OSOBOWYCH W I LO: PAWE\u0141 \u0141UCZAK iodo@iodo.kutno.pl tel. 516 125 342<\/p>\n","protected":false},"author":1,"featured_media":0,"parent":0,"menu_order":4,"comment_status":"closed","ping_status":"closed","template":"","meta":{"footnotes":""},"class_list":["post-130","page","type-page","status-publish","hentry"],"_links":{"self":[{"href":"https:\/\/dabrowszczak.pl\/index.php\/wp-json\/wp\/v2\/pages\/130","targetHints":{"allow":["GET"]}}],"collection":[{"href":"https:\/\/dabrowszczak.pl\/index.php\/wp-json\/wp\/v2\/pages"}],"about":[{"href":"https:\/\/dabrowszczak.pl\/index.php\/wp-json\/wp\/v2\/types\/page"}],"author":[{"embeddable":true,"href":"https:\/\/dabrowszczak.pl\/index.php\/wp-json\/wp\/v2\/users\/1"}],"replies":[{"embeddable":true,"href":"https:\/\/dabrowszczak.pl\/index.php\/wp-json\/wp\/v2\/comments?post=130"}],"version-history":[{"count":14,"href":"https:\/\/dabrowszczak.pl\/index.php\/wp-json\/wp\/v2\/pages\/130\/revisions"}],"predecessor-version":[{"id":5633,"href":"https:\/\/dabrowszczak.pl\/index.php\/wp-json\/wp\/v2\/pages\/130\/revisions\/5633"}],"wp:attachment":[{"href":"https:\/\/dabrowszczak.pl\/index.php\/wp-json\/wp\/v2\/media?parent=130"}],"curies":[{"name":"wp","href":"https:\/\/api.w.org\/{rel}","templated":true}]}}